{"id":11,"date":"2023-12-07T17:58:04","date_gmt":"2023-12-07T16:58:04","guid":{"rendered":"http:\/\/mavue3d.fr\/?page_id=11"},"modified":"2023-12-19T11:00:23","modified_gmt":"2023-12-19T10:00:23","slug":"nos-offres-architecte-promoteur-particulier","status":"publish","type":"page","link":"https:\/\/mavue3d.fr\/index.php\/nos-offres-architecte-promoteur-particulier\/","title":{"rendered":"Nos Offres"},"content":{"rendered":"\t\t<div data-elementor-type=\"wp-page\" data-elementor-id=\"11\" class=\"elementor elementor-11\">\n\t\t\t\t\t\t\t<div class=\"elementor-element elementor-element-5ab06880 e-flex e-con-boxed e-con e-parent\" data-id=\"5ab06880\" data-element_type=\"container\" data-settings=\"{&quot;content_width&quot;:&quot;boxed&quot;}\" data-core-v316-plus=\"true\">\n\t\t\t\t\t<div class=\"e-con-inner\">\n\t\t\t\t<div class=\"elementor-element elementor-element-190a1486 animated-slow elementor-invisible elementor-widget elementor-widget-image\" data-id=\"190a1486\" data-element_type=\"widget\" data-settings=\"{&quot;_animation&quot;:&quot;pulse&quot;}\" data-widget_type=\"image.default\">\n\t\t\t\t<div class=\"elementor-widget-container\">\n\t\t\t<style>\/*! elementor - v3.18.0 - 08-12-2023 *\/\n.elementor-widget-image{text-align:center}.elementor-widget-image a{display:inline-block}.elementor-widget-image a img[src$=\".svg\"]{width:48px}.elementor-widget-image img{vertical-align:middle;display:inline-block}<\/style>\t\t\t\t\t\t\t\t\t\t\t\t<img fetchpriority=\"high\" decoding=\"async\" width=\"1024\" height=\"384\" src=\"https:\/\/mavue3d.fr\/wp-content\/uploads\/2023\/12\/IMAGE-1-NOS-OFFRES-1024x384.png\" class=\"attachment-large size-large wp-image-424\" alt=\"\" srcset=\"https:\/\/mavue3d.fr\/wp-content\/uploads\/2023\/12\/IMAGE-1-NOS-OFFRES-1024x384.png 1024w, https:\/\/mavue3d.fr\/wp-content\/uploads\/2023\/12\/IMAGE-1-NOS-OFFRES-300x113.png 300w, https:\/\/mavue3d.fr\/wp-content\/uploads\/2023\/12\/IMAGE-1-NOS-OFFRES-768x288.png 768w, https:\/\/mavue3d.fr\/wp-content\/uploads\/2023\/12\/IMAGE-1-NOS-OFFRES-1536x576.png 1536w, https:\/\/mavue3d.fr\/wp-content\/uploads\/2023\/12\/IMAGE-1-NOS-OFFRES-2048x768.png 2048w\" sizes=\"(max-width: 1024px) 100vw, 1024px\" \/>\t\t\t\t\t\t\t\t\t\t\t\t\t\t\t<\/div>\n\t\t\t\t<\/div>\n\t\t\t\t\t<\/div>\n\t\t\t\t<\/div>\n\t\t<div class=\"elementor-element elementor-element-2ff08b6 e-flex e-con-boxed e-con e-parent\" data-id=\"2ff08b6\" data-element_type=\"container\" data-settings=\"{&quot;content_width&quot;:&quot;boxed&quot;}\" data-core-v316-plus=\"true\">\n\t\t\t\t\t<div class=\"e-con-inner\">\n\t\t<div class=\"elementor-element elementor-element-49be953 e-con-full e-flex e-con e-child\" data-id=\"49be953\" data-element_type=\"container\" data-settings=\"{&quot;content_width&quot;:&quot;full&quot;}\">\n\t\t\t\t<div class=\"elementor-element elementor-element-30625a6 elementor-widget elementor-widget-heading\" data-id=\"30625a6\" data-element_type=\"widget\" data-widget_type=\"heading.default\">\n\t\t\t\t<div class=\"elementor-widget-container\">\n\t\t\t<style>\/*! elementor - v3.18.0 - 08-12-2023 *\/\n.elementor-heading-title{padding:0;margin:0;line-height:1}.elementor-widget-heading .elementor-heading-title[class*=elementor-size-]>a{color:inherit;font-size:inherit;line-height:inherit}.elementor-widget-heading .elementor-heading-title.elementor-size-small{font-size:15px}.elementor-widget-heading .elementor-heading-title.elementor-size-medium{font-size:19px}.elementor-widget-heading .elementor-heading-title.elementor-size-large{font-size:29px}.elementor-widget-heading .elementor-heading-title.elementor-size-xl{font-size:39px}.elementor-widget-heading .elementor-heading-title.elementor-size-xxl{font-size:59px}<\/style><h2 class=\"elementor-heading-title elementor-size-default\">3D Architecte Promoteur Particulier<\/h2>\t\t<\/div>\n\t\t\t\t<\/div>\n\t\t\t\t<\/div>\n\t\t<div class=\"elementor-element elementor-element-d223636 e-con-full e-flex e-con e-child\" data-id=\"d223636\" data-element_type=\"container\" data-settings=\"{&quot;content_width&quot;:&quot;full&quot;}\">\n\t\t\t\t<div class=\"elementor-element elementor-element-71ced32 elementor-widget elementor-widget-text-editor\" data-id=\"71ced32\" data-element_type=\"widget\" data-widget_type=\"text-editor.default\">\n\t\t\t\t<div class=\"elementor-widget-container\">\n\t\t\t<style>\/*! elementor - v3.18.0 - 08-12-2023 *\/\n.elementor-widget-text-editor.elementor-drop-cap-view-stacked .elementor-drop-cap{background-color:#69727d;color:#fff}.elementor-widget-text-editor.elementor-drop-cap-view-framed .elementor-drop-cap{color:#69727d;border:3px solid;background-color:transparent}.elementor-widget-text-editor:not(.elementor-drop-cap-view-default) .elementor-drop-cap{margin-top:8px}.elementor-widget-text-editor:not(.elementor-drop-cap-view-default) .elementor-drop-cap-letter{width:1em;height:1em}.elementor-widget-text-editor .elementor-drop-cap{float:left;text-align:center;line-height:1;font-size:50px}.elementor-widget-text-editor .elementor-drop-cap-letter{display:inline-block}<\/style>\t\t\t\t<p>3D Architecte Promoteur Particulier<\/p>\t\t\t\t\t\t<\/div>\n\t\t\t\t<\/div>\n\t\t\t\t<\/div>\n\t\t\t\t\t<\/div>\n\t\t\t\t<\/div>\n\t\t<div class=\"elementor-element elementor-element-6b7baea animated-slow e-flex e-con-boxed elementor-invisible e-con e-parent\" data-id=\"6b7baea\" data-element_type=\"container\" data-settings=\"{&quot;animation&quot;:&quot;slideInUp&quot;,&quot;content_width&quot;:&quot;boxed&quot;}\" data-core-v316-plus=\"true\">\n\t\t\t\t\t<div class=\"e-con-inner\">\n\t\t\t\t<div class=\"elementor-element elementor-element-ac3c183 elementor-widget elementor-widget-image\" data-id=\"ac3c183\" data-element_type=\"widget\" data-widget_type=\"image.default\">\n\t\t\t\t<div class=\"elementor-widget-container\">\n\t\t\t\t\t\t\t\t\t\t\t\t\t\t\t<img decoding=\"async\" width=\"1024\" height=\"640\" src=\"https:\/\/mavue3d.fr\/wp-content\/uploads\/2023\/12\/TABLEAU-NOS-OFFRE-1-1024x640.png\" class=\"attachment-large size-large wp-image-434\" alt=\"\" srcset=\"https:\/\/mavue3d.fr\/wp-content\/uploads\/2023\/12\/TABLEAU-NOS-OFFRE-1-1024x640.png 1024w, https:\/\/mavue3d.fr\/wp-content\/uploads\/2023\/12\/TABLEAU-NOS-OFFRE-1-300x188.png 300w, https:\/\/mavue3d.fr\/wp-content\/uploads\/2023\/12\/TABLEAU-NOS-OFFRE-1-768x480.png 768w, https:\/\/mavue3d.fr\/wp-content\/uploads\/2023\/12\/TABLEAU-NOS-OFFRE-1-1536x960.png 1536w, https:\/\/mavue3d.fr\/wp-content\/uploads\/2023\/12\/TABLEAU-NOS-OFFRE-1-2048x1280.png 2048w\" sizes=\"(max-width: 1024px) 100vw, 1024px\" \/>\t\t\t\t\t\t\t\t\t\t\t\t\t\t\t<\/div>\n\t\t\t\t<\/div>\n\t\t\t\t\t<\/div>\n\t\t\t\t<\/div>\n\t\t<div class=\"elementor-element elementor-element-5b2fba1 e-flex e-con-boxed e-con e-parent\" data-id=\"5b2fba1\" data-element_type=\"container\" data-settings=\"{&quot;content_width&quot;:&quot;boxed&quot;}\" data-core-v316-plus=\"true\">\n\t\t\t\t\t<div class=\"e-con-inner\">\n\t\t\t\t<div class=\"elementor-element elementor-element-fdc2bcf elementor-widget elementor-widget-text-editor\" data-id=\"fdc2bcf\" data-element_type=\"widget\" data-widget_type=\"text-editor.default\">\n\t\t\t\t<div class=\"elementor-widget-container\">\n\t\t\t\t\t\t\t<p>Egalement ma vue 3D sur le site internet mavue3d.fr. Pour commencer la marque propose \u00e9galement le services \u00e9tat des lieux paris. que l&#8217;on peut retrouver sur le site internet etatdeslieuxparis.fr.\u00a0<\/p>\t\t\t\t\t\t<\/div>\n\t\t\t\t<\/div>\n\t\t\t\t\t<\/div>\n\t\t\t\t<\/div>\n\t\t<div class=\"elementor-element elementor-element-4c5c2bf e-flex e-con-boxed e-con e-parent\" data-id=\"4c5c2bf\" data-element_type=\"container\" data-settings=\"{&quot;content_width&quot;:&quot;boxed&quot;}\" data-core-v316-plus=\"true\">\n\t\t\t\t\t<div class=\"e-con-inner\">\n\t\t\t\t<div class=\"elementor-element elementor-element-76d14022 elementor-align-center elementor-widget elementor-widget-button\" data-id=\"76d14022\" data-element_type=\"widget\" data-widget_type=\"button.default\">\n\t\t\t\t<div class=\"elementor-widget-container\">\n\t\t\t\t\t<div class=\"elementor-button-wrapper\">\n\t\t\t<a class=\"elementor-button elementor-button-link elementor-size-sm\" href=\"https:\/\/mavue3d.fr\/index.php\/contact\/\">\n\t\t\t\t\t\t<span class=\"elementor-button-content-wrapper\">\n\t\t\t\t\t\t<span class=\"elementor-button-text\">Nous contacter<\/span>\n\t\t<\/span>\n\t\t\t\t\t<\/a>\n\t\t<\/div>\n\t\t\t\t<\/div>\n\t\t\t\t<\/div>\n\t\t\t\t\t<\/div>\n\t\t\t\t<\/div>\n\t\t<div class=\"elementor-element elementor-element-218b3b61 e-flex e-con-boxed e-con e-parent\" data-id=\"218b3b61\" data-element_type=\"container\" data-settings=\"{&quot;content_width&quot;:&quot;boxed&quot;}\" data-core-v316-plus=\"true\">\n\t\t\t\t\t<div class=\"e-con-inner\">\n\t\t\t\t<div class=\"elementor-element elementor-element-52fe97e elementor-widget elementor-widget-text-editor\" data-id=\"52fe97e\" data-element_type=\"widget\" data-widget_type=\"text-editor.default\">\n\t\t\t\t<div class=\"elementor-widget-container\">\n\t\t\t\t\t\t\t<p>Puisque travail avec des grandes maisons de luxe et des entreprises et projets haut de gamme. cr\u00e9ateur d&#8217;image. Egalement ils sont pr\u00e9sent sur le digital. haut de gamme ainsi que luxe. De plus nous contacter pour votre projet de cr\u00e9ations de visuels 3D. Pour finir pour les artisans \u00e0 Paris et \u00e0 val d&#8217;is\u00e8re. Puisque notre \u00e9quipe cr\u00e9ative et novatrice se consacre \u00e0 la conception d&#8217;images 3D de qualit\u00e9 sup\u00e9rieure destin\u00e9s aux architectes, urbanistes et promoteurs immobiliers. Pour commencer notre objectif principal est de mettre en valeur au mieux vos id\u00e9es<\/p>\t\t\t\t\t\t<\/div>\n\t\t\t\t<\/div>\n\t\t\t\t<div class=\"elementor-element elementor-element-5efd27dc elementor-invisible elementor-widget elementor-widget-text-editor\" data-id=\"5efd27dc\" data-element_type=\"widget\" data-settings=\"{&quot;_animation&quot;:&quot;slideInUp&quot;}\" data-widget_type=\"text-editor.default\">\n\t\t\t\t<div class=\"elementor-widget-container\">\n\t\t\t\t\t\t\t<p>Notre \u00e9quipe cr\u00e9ative et novatrice se consacre \u00e0 la conception d&#8217;images 3D de qualit\u00e9 sup\u00e9rieure destin\u00e9es aux architectes, urbanistes, promoteurs immobiliers, designers et particulier. Notre objectif principal est de mettre en valeur au mieux vos id\u00e9es et votre design en les pr\u00e9sentant \u00e0 travers des perspectives 3D percutantes et s\u00e9duisantes.<\/p>\t\t\t\t\t\t<\/div>\n\t\t\t\t<\/div>\n\t\t\t\t\t<\/div>\n\t\t\t\t<\/div>\n\t\t<div class=\"elementor-element elementor-element-1c1549e e-flex e-con-boxed e-con e-parent\" data-id=\"1c1549e\" data-element_type=\"container\" data-settings=\"{&quot;content_width&quot;:&quot;boxed&quot;}\" data-core-v316-plus=\"true\">\n\t\t\t\t\t<div class=\"e-con-inner\">\n\t\t\t\t<div class=\"elementor-element elementor-element-1f39d90 elementor-widget elementor-widget-spacer\" data-id=\"1f39d90\" data-element_type=\"widget\" data-widget_type=\"spacer.default\">\n\t\t\t\t<div class=\"elementor-widget-container\">\n\t\t\t<style>\/*! elementor - v3.18.0 - 08-12-2023 *\/\n.elementor-column .elementor-spacer-inner{height:var(--spacer-size)}.e-con{--container-widget-width:100%}.e-con-inner>.elementor-widget-spacer,.e-con>.elementor-widget-spacer{width:var(--container-widget-width,var(--spacer-size));--align-self:var(--container-widget-align-self,initial);--flex-shrink:0}.e-con-inner>.elementor-widget-spacer>.elementor-widget-container,.e-con>.elementor-widget-spacer>.elementor-widget-container{height:100%;width:100%}.e-con-inner>.elementor-widget-spacer>.elementor-widget-container>.elementor-spacer,.e-con>.elementor-widget-spacer>.elementor-widget-container>.elementor-spacer{height:100%}.e-con-inner>.elementor-widget-spacer>.elementor-widget-container>.elementor-spacer>.elementor-spacer-inner,.e-con>.elementor-widget-spacer>.elementor-widget-container>.elementor-spacer>.elementor-spacer-inner{height:var(--container-widget-height,var(--spacer-size))}.e-con-inner>.elementor-widget-spacer.elementor-widget-empty,.e-con>.elementor-widget-spacer.elementor-widget-empty{position:relative;min-height:22px;min-width:22px}.e-con-inner>.elementor-widget-spacer.elementor-widget-empty .elementor-widget-empty-icon,.e-con>.elementor-widget-spacer.elementor-widget-empty .elementor-widget-empty-icon{position:absolute;top:0;bottom:0;left:0;right:0;margin:auto;padding:0;width:22px;height:22px}<\/style>\t\t<div class=\"elementor-spacer\">\n\t\t\t<div class=\"elementor-spacer-inner\"><\/div>\n\t\t<\/div>\n\t\t\t\t<\/div>\n\t\t\t\t<\/div>\n\t\t\t\t\t<\/div>\n\t\t\t\t<\/div>\n\t\t<div class=\"elementor-element elementor-element-322665b e-flex e-con-boxed e-con e-parent\" data-id=\"322665b\" data-element_type=\"container\" data-settings=\"{&quot;content_width&quot;:&quot;boxed&quot;}\" data-core-v316-plus=\"true\">\n\t\t\t\t\t<div class=\"e-con-inner\">\n\t\t<div class=\"elementor-element elementor-element-070ecc2 e-con-full e-flex e-con e-child\" data-id=\"070ecc2\" data-element_type=\"container\" data-settings=\"{&quot;content_width&quot;:&quot;full&quot;}\">\n\t\t\t\t<div class=\"elementor-element elementor-element-4eef037 elementor-widget elementor-widget-text-editor\" data-id=\"4eef037\" data-element_type=\"widget\" data-widget_type=\"text-editor.default\">\n\t\t\t\t<div class=\"elementor-widget-container\">\n\t\t\t\t\t\t\t<p>Egalement il s&#8217;agit d&#8217;un service et une offre propos\u00e9 par la Soci\u00e9t\u00e9 SAS REGALDO DESIGN. Pour commencer Entreprise d&#8217;architecture d&#8217;int\u00e9rieur haut de gamme et luxe \u00e0 Paris. En premier lieu cr\u00e9ateur et designer il lance cette offre pour r\u00e9pondre au besoin de visuel 3D ext\u00e9rieur et int\u00e9rieur. Egalement pour les architecte d&#8217;int\u00e9rieur. En premier lieu nous pouvons retrouver REGALDO Design sur le site regaldodesign.com. Pour commencer Entreprise travaillant avec les entreprises g\u00e9n\u00e9rales \u00e0 Paris, en Savoie et dans toute la France. Europe.\u00a0<\/p>\t\t\t\t\t\t<\/div>\n\t\t\t\t<\/div>\n\t\t\t\t<\/div>\n\t\t<div class=\"elementor-element elementor-element-6dcf06b e-con-full e-flex e-con e-child\" data-id=\"6dcf06b\" data-element_type=\"container\" data-settings=\"{&quot;content_width&quot;:&quot;full&quot;}\">\n\t\t\t\t<div class=\"elementor-element elementor-element-589f917 elementor-view-default elementor-widget elementor-widget-icon\" data-id=\"589f917\" data-element_type=\"widget\" data-widget_type=\"icon.default\">\n\t\t\t\t<div class=\"elementor-widget-container\">\n\t\t\t\t\t<div class=\"elementor-icon-wrapper\">\n\t\t\t<a class=\"elementor-icon\" href=\"https:\/\/www.instagram.com\/ma.vue.3d\/\">\n\t\t\t<svg aria-hidden=\"true\" class=\"e-font-icon-svg e-fab-instagram\" viewBox=\"0 0 448 512\" xmlns=\"http:\/\/www.w3.org\/2000\/svg\"><path d=\"M224.1 141c-63.6 0-114.9 51.3-114.9 114.9s51.3 114.9 114.9 114.9S339 319.5 339 255.9 287.7 141 224.1 141zm0 189.6c-41.1 0-74.7-33.5-74.7-74.7s33.5-74.7 74.7-74.7 74.7 33.5 74.7 74.7-33.6 74.7-74.7 74.7zm146.4-194.3c0 14.9-12 26.8-26.8 26.8-14.9 0-26.8-12-26.8-26.8s12-26.8 26.8-26.8 26.8 12 26.8 26.8zm76.1 27.2c-1.7-35.9-9.9-67.7-36.2-93.9-26.2-26.2-58-34.4-93.9-36.2-37-2.1-147.9-2.1-184.9 0-35.8 1.7-67.6 9.9-93.9 36.1s-34.4 58-36.2 93.9c-2.1 37-2.1 147.9 0 184.9 1.7 35.9 9.9 67.7 36.2 93.9s58 34.4 93.9 36.2c37 2.1 147.9 2.1 184.9 0 35.9-1.7 67.7-9.9 93.9-36.2 26.2-26.2 34.4-58 36.2-93.9 2.1-37 2.1-147.8 0-184.8zM398.8 388c-7.8 19.6-22.9 34.7-42.6 42.6-29.5 11.7-99.5 9-132.1 9s-102.7 2.6-132.1-9c-19.6-7.8-34.7-22.9-42.6-42.6-11.7-29.5-9-99.5-9-132.1s-2.6-102.7 9-132.1c7.8-19.6 22.9-34.7 42.6-42.6 29.5-11.7 99.5-9 132.1-9s102.7-2.6 132.1 9c19.6 7.8 34.7 22.9 42.6 42.6 11.7 29.5 9 99.5 9 132.1s2.7 102.7-9 132.1z\"><\/path><\/svg>\t\t\t<\/a>\n\t\t<\/div>\n\t\t\t\t<\/div>\n\t\t\t\t<\/div>\n\t\t\t\t<\/div>\n\t\t\t\t\t<\/div>\n\t\t\t\t<\/div>\n\t\t<div class=\"elementor-element elementor-element-cbcf390 e-flex e-con-boxed e-con e-parent\" data-id=\"cbcf390\" data-element_type=\"container\" data-settings=\"{&quot;content_width&quot;:&quot;boxed&quot;}\" data-core-v316-plus=\"true\">\n\t\t\t\t\t<div class=\"e-con-inner\">\n\t\t\t\t<div class=\"elementor-element elementor-element-6a85963 elementor-widget elementor-widget-text-editor\" data-id=\"6a85963\" data-element_type=\"widget\" data-widget_type=\"text-editor.default\">\n\t\t\t\t<div class=\"elementor-widget-container\">\n\t\t\t\t\t\t\t<p>De plus pour des rendus photor\u00e9alistes. En premier lieu la solutions pour Professionnel et particulier. D&#8217;abord avec des formules pro, proposant des maquettes a\u00e9riennes, maquette a\u00e9rienne. Egalement perspective ext\u00e9rieure, perspectives ext\u00e9rieures. Pour commencer Perspective int\u00e9rieure, Vues int\u00e9rieures. le Plan de masse, les plans de masses. Egalement le Plan axonom\u00e9trique, plans axonom\u00e9triques. Pour commencer un plan textur\u00e9, plans textur\u00e9s. \u00e9quipe de professionnel cr\u00e9atifs et innovant. L&#8217;entreprise regaldo Design par Louis regaldo. En premier lieu cr\u00e9ateur mobilier.\u00a0<\/p>\t\t\t\t\t\t<\/div>\n\t\t\t\t<\/div>\n\t\t\t\t<div class=\"elementor-element elementor-element-6899f47 elementor-widget elementor-widget-heading\" data-id=\"6899f47\" data-element_type=\"widget\" data-widget_type=\"heading.default\">\n\t\t\t\t<div class=\"elementor-widget-container\">\n\t\t\t<h2 class=\"elementor-heading-title elementor-size-default\">MA VUE 3D<\/h2>\t\t<\/div>\n\t\t\t\t<\/div>\n\t\t\t\t\t<\/div>\n\t\t\t\t<\/div>\n\t\t\t\t\t\t\t<\/div>\n\t\t","protected":false},"excerpt":{"rendered":"<p>3D Architecte Promoteur Particulier 3D Architecte Promoteur Particulier Egalement ma vue 3D sur le site internet mavue3d.fr. Pour commencer la marque propose \u00e9galement le services \u00e9tat des lieux paris. que l&#8217;on peut retrouver sur le site internet etatdeslieuxparis.fr.\u00a0 Nous contacter Puisque travail avec des grandes maisons de luxe et des entreprises et projets haut de [&hellip;]<\/p>\n","protected":false},"author":1,"featured_media":0,"parent":0,"menu_order":0,"comment_status":"closed","ping_status":"closed","template":"elementor_header_footer","meta":{"footnotes":""},"class_list":["post-11","page","type-page","status-publish","hentry","entry"],"yoast_head":"<!-- This site is optimized with the Yoast SEO plugin v21.7 - https:\/\/yoast.com\/wordpress\/plugins\/seo\/ -->\n<title>MA VUE 3D Cr\u00e9ateur d&#039;images 3D Architecte Promoteur Particulier<\/title>\n<meta name=\"description\" content=\"MA VUE 3D - Cr\u00e9ateurs d&#039;images - Equipe cr\u00e9ative qui se consacre \u00e0 la conception d&#039;image 3D - Architecte Promoteur Particulier Designer\" \/>\n<meta name=\"robots\" content=\"index, follow, max-snippet:-1, max-image-preview:large, max-video-preview:-1\" \/>\n<link rel=\"canonical\" href=\"https:\/\/mavue3d.fr\/index.php\/nos-offres-architecte-promoteur-particulier\/\" \/>\n<meta property=\"og:locale\" content=\"en_US\" \/>\n<meta property=\"og:type\" content=\"article\" \/>\n<meta property=\"og:title\" content=\"MA VUE 3D Cr\u00e9ateur d&#039;images 3D Architecte Promoteur Particulier\" \/>\n<meta property=\"og:description\" content=\"MA VUE 3D - Cr\u00e9ateurs d&#039;images - Equipe cr\u00e9ative qui se consacre \u00e0 la conception d&#039;image 3D - Architecte Promoteur Particulier Designer\" \/>\n<meta property=\"og:url\" content=\"https:\/\/mavue3d.fr\/index.php\/nos-offres-architecte-promoteur-particulier\/\" \/>\n<meta property=\"og:site_name\" content=\"MA VUE 3D\" \/>\n<meta property=\"article:modified_time\" content=\"2023-12-19T10:00:23+00:00\" \/>\n<meta property=\"og:image\" content=\"http:\/\/mavue3d.fr\/wp-content\/uploads\/2023\/12\/IMAGE-1-NOS-OFFRES-1024x384.png\" \/>\n<meta name=\"twitter:card\" content=\"summary_large_image\" \/>\n<meta name=\"twitter:label1\" content=\"Est. reading time\" \/>\n\t<meta name=\"twitter:data1\" content=\"3 minutes\" \/>\n<script type=\"application\/ld+json\" class=\"yoast-schema-graph\">{\"@context\":\"https:\/\/schema.org\",\"@graph\":[{\"@type\":\"WebPage\",\"@id\":\"https:\/\/mavue3d.fr\/index.php\/nos-offres-architecte-promoteur-particulier\/\",\"url\":\"https:\/\/mavue3d.fr\/index.php\/nos-offres-architecte-promoteur-particulier\/\",\"name\":\"MA VUE 3D Cr\u00e9ateur d'images 3D Architecte Promoteur Particulier\",\"isPartOf\":{\"@id\":\"http:\/\/mavue3d.fr\/#website\"},\"datePublished\":\"2023-12-07T16:58:04+00:00\",\"dateModified\":\"2023-12-19T10:00:23+00:00\",\"description\":\"MA VUE 3D - Cr\u00e9ateurs d'images - Equipe cr\u00e9ative qui se consacre \u00e0 la conception d'image 3D - Architecte Promoteur Particulier Designer\",\"breadcrumb\":{\"@id\":\"https:\/\/mavue3d.fr\/index.php\/nos-offres-architecte-promoteur-particulier\/#breadcrumb\"},\"inLanguage\":\"en-US\",\"potentialAction\":[{\"@type\":\"ReadAction\",\"target\":[\"https:\/\/mavue3d.fr\/index.php\/nos-offres-architecte-promoteur-particulier\/\"]}]},{\"@type\":\"BreadcrumbList\",\"@id\":\"https:\/\/mavue3d.fr\/index.php\/nos-offres-architecte-promoteur-particulier\/#breadcrumb\",\"itemListElement\":[{\"@type\":\"ListItem\",\"position\":1,\"name\":\"Accueil\",\"item\":\"https:\/\/mavue3d.fr\/\"},{\"@type\":\"ListItem\",\"position\":2,\"name\":\"Nos Offres\"}]},{\"@type\":\"WebSite\",\"@id\":\"http:\/\/mavue3d.fr\/#website\",\"url\":\"http:\/\/mavue3d.fr\/\",\"name\":\"MA VUE 3D\",\"description\":\"Un site utilisant WordPress\",\"publisher\":{\"@id\":\"http:\/\/mavue3d.fr\/#organization\"},\"potentialAction\":[{\"@type\":\"SearchAction\",\"target\":{\"@type\":\"EntryPoint\",\"urlTemplate\":\"http:\/\/mavue3d.fr\/?s={search_term_string}\"},\"query-input\":\"required name=search_term_string\"}],\"inLanguage\":\"en-US\"},{\"@type\":\"Organization\",\"@id\":\"http:\/\/mavue3d.fr\/#organization\",\"name\":\"MA VUE 3D\",\"url\":\"http:\/\/mavue3d.fr\/\",\"logo\":{\"@type\":\"ImageObject\",\"inLanguage\":\"en-US\",\"@id\":\"http:\/\/mavue3d.fr\/#\/schema\/logo\/image\/\",\"url\":\"https:\/\/mavue3d.fr\/wp-content\/uploads\/2023\/12\/petit-pour-site-copie-4.png\",\"contentUrl\":\"https:\/\/mavue3d.fr\/wp-content\/uploads\/2023\/12\/petit-pour-site-copie-4.png\",\"width\":260,\"height\":65,\"caption\":\"MA VUE 3D\"},\"image\":{\"@id\":\"http:\/\/mavue3d.fr\/#\/schema\/logo\/image\/\"}}]}<\/script>\n<!-- \/ Yoast SEO plugin. -->","yoast_head_json":{"title":"MA VUE 3D Cr\u00e9ateur d'images 3D Architecte Promoteur Particulier","description":"MA VUE 3D - Cr\u00e9ateurs d'images - Equipe cr\u00e9ative qui se consacre \u00e0 la conception d'image 3D - Architecte Promoteur Particulier Designer","robots":{"index":"index","follow":"follow","max-snippet":"max-snippet:-1","max-image-preview":"max-image-preview:large","max-video-preview":"max-video-preview:-1"},"canonical":"https:\/\/mavue3d.fr\/index.php\/nos-offres-architecte-promoteur-particulier\/","og_locale":"en_US","og_type":"article","og_title":"MA VUE 3D Cr\u00e9ateur d'images 3D Architecte Promoteur Particulier","og_description":"MA VUE 3D - Cr\u00e9ateurs d'images - Equipe cr\u00e9ative qui se consacre \u00e0 la conception d'image 3D - Architecte Promoteur Particulier Designer","og_url":"https:\/\/mavue3d.fr\/index.php\/nos-offres-architecte-promoteur-particulier\/","og_site_name":"MA VUE 3D","article_modified_time":"2023-12-19T10:00:23+00:00","og_image":[{"url":"http:\/\/mavue3d.fr\/wp-content\/uploads\/2023\/12\/IMAGE-1-NOS-OFFRES-1024x384.png"}],"twitter_card":"summary_large_image","twitter_misc":{"Est. reading time":"3 minutes"},"schema":{"@context":"https:\/\/schema.org","@graph":[{"@type":"WebPage","@id":"https:\/\/mavue3d.fr\/index.php\/nos-offres-architecte-promoteur-particulier\/","url":"https:\/\/mavue3d.fr\/index.php\/nos-offres-architecte-promoteur-particulier\/","name":"MA VUE 3D Cr\u00e9ateur d'images 3D Architecte Promoteur Particulier","isPartOf":{"@id":"http:\/\/mavue3d.fr\/#website"},"datePublished":"2023-12-07T16:58:04+00:00","dateModified":"2023-12-19T10:00:23+00:00","description":"MA VUE 3D - Cr\u00e9ateurs d'images - Equipe cr\u00e9ative qui se consacre \u00e0 la conception d'image 3D - Architecte Promoteur Particulier Designer","breadcrumb":{"@id":"https:\/\/mavue3d.fr\/index.php\/nos-offres-architecte-promoteur-particulier\/#breadcrumb"},"inLanguage":"en-US","potentialAction":[{"@type":"ReadAction","target":["https:\/\/mavue3d.fr\/index.php\/nos-offres-architecte-promoteur-particulier\/"]}]},{"@type":"BreadcrumbList","@id":"https:\/\/mavue3d.fr\/index.php\/nos-offres-architecte-promoteur-particulier\/#breadcrumb","itemListElement":[{"@type":"ListItem","position":1,"name":"Accueil","item":"https:\/\/mavue3d.fr\/"},{"@type":"ListItem","position":2,"name":"Nos Offres"}]},{"@type":"WebSite","@id":"http:\/\/mavue3d.fr\/#website","url":"http:\/\/mavue3d.fr\/","name":"MA VUE 3D","description":"Un site utilisant WordPress","publisher":{"@id":"http:\/\/mavue3d.fr\/#organization"},"potentialAction":[{"@type":"SearchAction","target":{"@type":"EntryPoint","urlTemplate":"http:\/\/mavue3d.fr\/?s={search_term_string}"},"query-input":"required name=search_term_string"}],"inLanguage":"en-US"},{"@type":"Organization","@id":"http:\/\/mavue3d.fr\/#organization","name":"MA VUE 3D","url":"http:\/\/mavue3d.fr\/","logo":{"@type":"ImageObject","inLanguage":"en-US","@id":"http:\/\/mavue3d.fr\/#\/schema\/logo\/image\/","url":"https:\/\/mavue3d.fr\/wp-content\/uploads\/2023\/12\/petit-pour-site-copie-4.png","contentUrl":"https:\/\/mavue3d.fr\/wp-content\/uploads\/2023\/12\/petit-pour-site-copie-4.png","width":260,"height":65,"caption":"MA VUE 3D"},"image":{"@id":"http:\/\/mavue3d.fr\/#\/schema\/logo\/image\/"}}]}},"_links":{"self":[{"href":"https:\/\/mavue3d.fr\/index.php\/wp-json\/wp\/v2\/pages\/11","targetHints":{"allow":["GET"]}}],"collection":[{"href":"https:\/\/mavue3d.fr\/index.php\/wp-json\/wp\/v2\/pages"}],"about":[{"href":"https:\/\/mavue3d.fr\/index.php\/wp-json\/wp\/v2\/types\/page"}],"author":[{"embeddable":true,"href":"https:\/\/mavue3d.fr\/index.php\/wp-json\/wp\/v2\/users\/1"}],"replies":[{"embeddable":true,"href":"https:\/\/mavue3d.fr\/index.php\/wp-json\/wp\/v2\/comments?post=11"}],"version-history":[{"count":0,"href":"https:\/\/mavue3d.fr\/index.php\/wp-json\/wp\/v2\/pages\/11\/revisions"}],"wp:attachment":[{"href":"https:\/\/mavue3d.fr\/index.php\/wp-json\/wp\/v2\/media?parent=11"}],"curies":[{"name":"wp","href":"https:\/\/api.w.org\/{rel}","templated":true}]}}